{"id":7626,"date":"2022-10-21T15:11:07","date_gmt":"2022-10-21T13:11:07","guid":{"rendered":"http:\/\/freistadt.scout.at\/?page_id=7626"},"modified":"2023-04-15T20:34:51","modified_gmt":"2023-04-15T18:34:51","slug":"gilde","status":"publish","type":"page","link":"https:\/\/freistadt.scout.at\/index.php\/gilde\/","title":{"rendered":"Gilde"},"content":{"rendered":"\t\t<div data-elementor-type=\"wp-post\" data-elementor-id=\"7626\" class=\"elementor elementor-7626\">\n\t\t\t\t\t\t<section class=\"elementor-section elementor-top-section elementor-element elementor-element-17712e02 elementor-section-full_width elementor-section-height-default elementor-section-height-default\" data-id=\"17712e02\" data-element_type=\"section\">\n\t\t\t\t\t\t<div class=\"elementor-container elementor-column-gap-no\">\n\t\t\t\t\t<div class=\"elementor-column elementor-col-100 elementor-top-column elementor-element elementor-element-70f36369\" data-id=\"70f36369\" data-element_type=\"column\">\n\t\t\t<div class=\"elementor-widget-wrap elementor-element-populated\">\n\t\t\t\t\t\t<div class=\"elementor-element elementor-element-51994153 elementor-widget elementor-widget-image\" data-id=\"51994153\" data-element_type=\"widget\" data-widget_type=\"image.default\">\n\t\t\t\t<div class=\"elementor-widget-container\">\n\t\t\t\t\t\t\t\t\t\t\t\t\t<img fetchpriority=\"high\" decoding=\"async\" width=\"5541\" height=\"701\" src=\"https:\/\/freistadt.scout.at\/wp-content\/uploads\/2023\/01\/Hasltuch_Banner.png\" class=\"attachment-full size-full wp-image-7784\" alt=\"\" srcset=\"https:\/\/freistadt.scout.at\/wp-content\/uploads\/2023\/01\/Hasltuch_Banner.png 5541w, https:\/\/freistadt.scout.at\/wp-content\/uploads\/2023\/01\/Hasltuch_Banner-300x38.png 300w, https:\/\/freistadt.scout.at\/wp-content\/uploads\/2023\/01\/Hasltuch_Banner-1024x130.png 1024w, https:\/\/freistadt.scout.at\/wp-content\/uploads\/2023\/01\/Hasltuch_Banner-768x97.png 768w, https:\/\/freistadt.scout.at\/wp-content\/uploads\/2023\/01\/Hasltuch_Banner-1536x194.png 1536w, https:\/\/freistadt.scout.at\/wp-content\/uploads\/2023\/01\/Hasltuch_Banner-2048x259.png 2048w\" sizes=\"(max-width: 5541px) 100vw, 5541px\" \/>\t\t\t\t\t\t\t\t\t\t\t\t\t<\/div>\n\t\t\t\t<\/div>\n\t\t\t\t\t<\/div>\n\t\t<\/div>\n\t\t\t\t\t<\/div>\n\t\t<\/section>\n\t\t\t\t<section class=\"elementor-section elementor-top-section elementor-element elementor-element-46a5dcaa elementor-section-boxed elementor-section-height-default elementor-section-height-default\" data-id=\"46a5dcaa\" data-element_type=\"section\">\n\t\t\t\t\t\t<div class=\"elementor-container elementor-column-gap-default\">\n\t\t\t\t\t<div class=\"elementor-column elementor-col-100 elementor-top-column elementor-element elementor-element-5ab183a0\" data-id=\"5ab183a0\" data-element_type=\"column\">\n\t\t\t<div class=\"elementor-widget-wrap elementor-element-populated\">\n\t\t\t\t\t\t<div class=\"elementor-element elementor-element-7836bc68 elementor-widget elementor-widget-heading\" data-id=\"7836bc68\" data-element_type=\"widget\" data-widget_type=\"heading.default\">\n\t\t\t\t<div class=\"elementor-widget-container\">\n\t\t\t<h1 class=\"elementor-heading-title elementor-size-default\">Gilde<\/h1>\t\t<\/div>\n\t\t\t\t<\/div>\n\t\t\t\t\t<\/div>\n\t\t<\/div>\n\t\t\t\t\t<\/div>\n\t\t<\/section>\n\t\t\t\t<section class=\"elementor-section elementor-top-section elementor-element elementor-element-c92ad28 elementor-section-boxed elementor-section-height-default elementor-section-height-default\" data-id=\"c92ad28\" data-element_type=\"section\">\n\t\t\t\t\t\t<div class=\"elementor-container elementor-column-gap-default\">\n\t\t\t\t\t<div class=\"elementor-column elementor-col-50 elementor-top-column elementor-element elementor-element-6900a4d\" data-id=\"6900a4d\" data-element_type=\"column\">\n\t\t\t<div class=\"elementor-widget-wrap elementor-element-populated\">\n\t\t\t\t\t\t<div class=\"elementor-element elementor-element-dcf662f elementor-widget elementor-widget-text-editor\" data-id=\"dcf662f\" data-element_type=\"widget\" data-widget_type=\"text-editor.default\">\n\t\t\t\t<div class=\"elementor-widget-container\">\n\t\t\t\t\t\t\t<p>Einmal PfadfinderIn \u2010 immer PfadfinderIn<\/p><p>Eine Pfadfinder\u2010Gilde ist eine organisierte Gruppe von Erwachsenen, die Pfadfinder waren oder sind oder die Ideen dieser Bewegung als f\u00fcr sie g\u00fcltig finden. Das hei\u00dft, man muss nicht Pfadfinder gewesen sein, um einer Gilde beitreten zu k\u00f6nnen. Gilden sind selbstst\u00e4ndige Vereine, mit eigenen Obmann (Gildemeister) und Vorstand.<\/p><p>Meist steht die Gilde in einem Nahverh\u00e4ltnis zu der Pfadfindergruppe, aus der die Mehrzahl ihrer Mitglieder hervorgegangen ist. In \u00d6sterreich gibt es \u00fcber 100 Gilden mit \u00fcber 3000 Mitgliedern.<\/p>\t\t\t\t\t\t<\/div>\n\t\t\t\t<\/div>\n\t\t\t\t\t<\/div>\n\t\t<\/div>\n\t\t\t\t<div class=\"elementor-column elementor-col-50 elementor-top-column elementor-element elementor-element-05ffff6\" data-id=\"05ffff6\" data-element_type=\"column\">\n\t\t\t<div class=\"elementor-widget-wrap elementor-element-populated\">\n\t\t\t\t\t\t<div class=\"elementor-element elementor-element-b762eed elementor-widget elementor-widget-image\" data-id=\"b762eed\" data-element_type=\"widget\" data-widget_type=\"image.default\">\n\t\t\t\t<div class=\"elementor-widget-container\">\n\t\t\t\t\t\t\t\t\t\t\t\t\t<img decoding=\"async\" width=\"1000\" height=\"667\" src=\"https:\/\/freistadt.scout.at\/wp-content\/uploads\/2013\/11\/473410_649423571749737_1768250122_o.jpg\" class=\"attachment-large size-large wp-image-238\" alt=\"\" srcset=\"https:\/\/freistadt.scout.at\/wp-content\/uploads\/2013\/11\/473410_649423571749737_1768250122_o.jpg 1000w, https:\/\/freistadt.scout.at\/wp-content\/uploads\/2013\/11\/473410_649423571749737_1768250122_o-300x200.jpg 300w\" sizes=\"(max-width: 1000px) 100vw, 1000px\" \/>\t\t\t\t\t\t\t\t\t\t\t\t\t<\/div>\n\t\t\t\t<\/div>\n\t\t\t\t\t<\/div>\n\t\t<\/div>\n\t\t\t\t\t<\/div>\n\t\t<\/section>\n\t\t\t\t<section class=\"elementor-section elementor-top-section elementor-element elementor-element-db17cbd elementor-section-boxed elementor-section-height-default elementor-section-height-default\" data-id=\"db17cbd\" data-element_type=\"section\">\n\t\t\t\t\t\t<div class=\"elementor-container elementor-column-gap-default\">\n\t\t\t\t\t<div class=\"elementor-column elementor-col-100 elementor-top-column elementor-element elementor-element-c2b5dc4\" data-id=\"c2b5dc4\" data-element_type=\"column\">\n\t\t\t<div class=\"elementor-widget-wrap elementor-element-populated\">\n\t\t\t\t\t\t<div class=\"elementor-element elementor-element-99e875d elementor-widget elementor-widget-text-editor\" data-id=\"99e875d\" data-element_type=\"widget\" data-widget_type=\"text-editor.default\">\n\t\t\t\t<div class=\"elementor-widget-container\">\n\t\t\t\t\t\t\t<p>Die Gilde-Philosophie<\/p><p><span style=\"font-size: 15px;\">\u00c4hnlich wie in der Jugendbewegung, wo es Gesetzespunkte und sog. Schwerpunkte gibt, gibt es in der Gildenbewegung auch Schwerpunkte, die unsere Philosophie, unsere Werte und unsere Lebenshaltung widerspiegeln.<\/span><\/p><p>Diese Grunds\u00e4tze wurden nun in\u00a0 \u201eS\u00e4ulen\u201c verpackt und wir m\u00f6chten auch diese Schwerpunkte unserer Gildenarbeit etwas n\u00e4herbringen. Die Reihung dieser sechs S\u00e4ulen ist frei gew\u00e4hlt und dr\u00fcckt keine Wertigkeit aus:<\/p><ul><li><strong>Gildengemeinschaft und kulturelles Leben:<\/strong> gemeint ist hier unsere Traditionen (wie zB Georgsfeier), unsere Rituale, unsere Ehrungen und Anerkennungen, aber auch unser Bekenntnis zur Gildenbewegung<\/li><li><strong>Scouting \/ Zusammenarbeit mit der Pfadfinderjugend:<\/strong> wir zeigen Interesse an der aktiven Mitarbeit bei der Jugendarbeit und -f\u00f6rderung; wir verbreiten die Ideen von Baden-Powell<\/li><li><strong>Soziales Wirken \u2013 die gute Tat:<\/strong> noch st\u00e4rker als in der Jugendbewegung wirken die Gilden im Sozialen mit, sei es materiell oder immateriell, direkte und indirekte Hilfe, durch Benefizveranstaltungen u.\u00e4.<\/li><li><strong>Gesundes Leben und Naturverbundenheit:<\/strong> sei es durch Bewegung &amp; Ern\u00e4hrung, aber auch geistige Gesundheit; auch der Umweltschutz hat in diesem Bereich seinen Platz<\/li><li><strong>Freundschaften und Begegnungen:<\/strong> eigentlich ein Punkt, den Viele von uns f\u00fcr selbstverst\u00e4ndlich annehmen; die Gilde soll ein Ort der gilden\u00fcbergreifenden Begegnung, des Erfahrungsaustauschs sein; gegenseitige Besuche, Teilnahme an Veranstaltungen, Internationales etc.<\/li><li><strong>Zukunft und Entwicklung:<\/strong> Traditionen sind gut und wichtig, jedoch muss sich die Gildenbewegung an der Zukunft orientieren und ein dementsprechendes Programm entwickeln und gestalten. Neue Formen der Kommunikation n\u00fctzen, auch zB. F\u00fcr die \u00d6ffentlichkeitsarbeit; ein wichtiges Teil werden hier auch die Lebensphasen sein; f\u00fcr manche Gilden ist die Mitglieder-Gewinnung ein wichtiger Aspekt ihrer Arbeit (\u00dcberalterung!)<\/li><\/ul><div>\u00a0<\/div>\t\t\t\t\t\t<\/div>\n\t\t\t\t<\/div>\n\t\t\t\t\t<\/div>\n\t\t<\/div>\n\t\t\t\t\t<\/div>\n\t\t<\/section>\n\t\t\t\t<section class=\"elementor-section elementor-top-section elementor-element elementor-element-4fc6581 elementor-section-boxed elementor-section-height-default elementor-section-height-default\" data-id=\"4fc6581\" data-element_type=\"section\">\n\t\t\t\t\t\t<div class=\"elementor-container elementor-column-gap-default\">\n\t\t\t\t\t<div class=\"elementor-column elementor-col-50 elementor-top-column elementor-element elementor-element-5aa51b0\" data-id=\"5aa51b0\" data-element_type=\"column\">\n\t\t\t<div class=\"elementor-widget-wrap elementor-element-populated\">\n\t\t\t\t\t\t<div class=\"elementor-element elementor-element-9f93d96 elementor-widget elementor-widget-text-editor\" data-id=\"9f93d96\" data-element_type=\"widget\" data-widget_type=\"text-editor.default\">\n\t\t\t\t<div class=\"elementor-widget-container\">\n\t\t\t\t\t\t\t<p>Neben diesen sechs S\u00e4ulen wird auch jedes Jahr ein Jahresmotto f\u00fcr unsere Gildenarbeit durch den Bundesverband ernannt.<\/p><p>Jede Gilde w\u00e4hlt selbst ihr Programm. Es gibt ein breites Spektrum von Programmen zu Themen wie Geselligkeit, Kultur, Sozialem, Sport, Unterst\u00fctzung der Jugend und Vielem mehr.<\/p><p>Die Gilde unterst\u00fctzt die Pfadfinderjugend zB Hilfe beim Heimbau, bei Lagern, bei Veranstaltungen oder durch finanzielle Unterst\u00fctzung. Die \u201cGute Tat\u201d der Jugend wird auch bei den Erwachsenen praktiziert zB mit einem Flohmarkt f\u00fcr \u201cgute Zwecke\u201d.<\/p><p>Aktiv in der Gesellschaft t\u00e4tig sein hei\u00dft auch, sich mit kulturellen Aspekten zu besch\u00e4ftigen, nicht nur konsumieren. Es bedeutet auch, selbst sch\u00f6pferisch t\u00e4tig sein zB Vortr\u00e4ge organisieren, Gottesdienste mitgestalten, Denkmalpflege, Brauchtumspflege.<\/p><p>Sport und Geselligkeit ist sicher etwas, was in einer Gruppe Gleichgesinnter viel Spa\u00df und Freude macht. Zur Geselligkeit geh\u00f6ren Reisen, Ausfl\u00fcge, Feierstunden.<\/p>\t\t\t\t\t\t<\/div>\n\t\t\t\t<\/div>\n\t\t\t\t\t<\/div>\n\t\t<\/div>\n\t\t\t\t<div class=\"elementor-column elementor-col-50 elementor-top-column elementor-element elementor-element-f907231\" data-id=\"f907231\" data-element_type=\"column\">\n\t\t\t<div class=\"elementor-widget-wrap elementor-element-populated\">\n\t\t\t\t\t\t<div class=\"elementor-element elementor-element-712b063 elementor-widget elementor-widget-image\" data-id=\"712b063\" data-element_type=\"widget\" data-widget_type=\"image.default\">\n\t\t\t\t<div class=\"elementor-widget-container\">\n\t\t\t\t\t\t\t\t\t\t\t\t\t<img decoding=\"async\" src=\"https:\/\/freistadt.scout.at\/wp-content\/plugins\/elementor\/assets\/images\/placeholder.png\" title=\"\" alt=\"\" loading=\"lazy\" \/>\t\t\t\t\t\t\t\t\t\t\t\t\t<\/div>\n\t\t\t\t<\/div>\n\t\t\t\t\t<\/div>\n\t\t<\/div>\n\t\t\t\t\t<\/div>\n\t\t<\/section>\n\t\t\t\t<\/div>\n\t\t","protected":false},"excerpt":{"rendered":"<p>Gilde Einmal PfadfinderIn \u2010 immer PfadfinderIn Eine Pfadfinder\u2010Gilde ist eine organisierte Gruppe von Erwachsenen, die Pfadfinder waren oder sind oder die Ideen dieser Bewegung als f\u00fcr sie g\u00fcltig finden. Das hei\u00dft, man muss nicht Pfadfinder gewesen sein, um einer Gilde beitreten zu k\u00f6nnen. Gilden sind selbstst\u00e4ndige Vereine, mit eigenen Obmann (Gildemeister) und Vorstand. Meist steht [&hellip;]<\/p>\n","protected":false},"author":1,"featured_media":0,"parent":0,"menu_order":0,"comment_status":"closed","ping_status":"closed","template":"","meta":{"ocean_post_layout":"full-screen","ocean_both_sidebars_style":"","ocean_both_sidebars_content_width":0,"ocean_both_sidebars_sidebars_width":0,"ocean_sidebar":"0","ocean_second_sidebar":"0","ocean_disable_margins":"enable","ocean_add_body_class":"","ocean_shortcode_before_top_bar":"","ocean_shortcode_after_top_bar":"","ocean_shortcode_before_header":"","ocean_shortcode_after_header":"","ocean_has_shortcode":"","ocean_shortcode_after_title":"","ocean_shortcode_before_footer_widgets":"","ocean_shortcode_after_footer_widgets":"","ocean_shortcode_before_footer_bottom":"","ocean_shortcode_after_footer_bottom":"","ocean_display_top_bar":"default","ocean_display_header":"default","ocean_header_style":"","ocean_center_header_left_menu":"0","ocean_custom_header_template":"0","ocean_custom_logo":0,"ocean_custom_retina_logo":0,"ocean_custom_logo_max_width":0,"ocean_custom_logo_tablet_max_width":0,"ocean_custom_logo_mobile_max_width":0,"ocean_custom_logo_max_height":0,"ocean_custom_logo_tablet_max_height":0,"ocean_custom_logo_mobile_max_height":0,"ocean_header_custom_menu":"0","ocean_menu_typo_font_family":"0","ocean_menu_typo_font_subset":"","ocean_menu_typo_font_size":0,"ocean_menu_typo_font_size_tablet":0,"ocean_menu_typo_font_size_mobile":0,"ocean_menu_typo_font_size_unit":"px","ocean_menu_typo_font_weight":"","ocean_menu_typo_font_weight_tablet":"","ocean_menu_typo_font_weight_mobile":"","ocean_menu_typo_transform":"","ocean_menu_typo_transform_tablet":"","ocean_menu_typo_transform_mobile":"","ocean_menu_typo_line_height":0,"ocean_menu_typo_line_height_tablet":0,"ocean_menu_typo_line_height_mobile":0,"ocean_menu_typo_line_height_unit":"","ocean_menu_typo_spacing":0,"ocean_menu_typo_spacing_tablet":0,"ocean_menu_typo_spacing_mobile":0,"ocean_menu_typo_spacing_unit":"","ocean_menu_link_color":"","ocean_menu_link_color_hover":"","ocean_menu_link_color_active":"","ocean_menu_link_background":"","ocean_menu_link_hover_background":"","ocean_menu_link_active_background":"","ocean_menu_social_links_bg":"","ocean_menu_social_hover_links_bg":"","ocean_menu_social_links_color":"","ocean_menu_social_hover_links_color":"","ocean_disable_title":"on","ocean_disable_heading":"default","ocean_post_title":"","ocean_post_subheading":"","ocean_post_title_style":"","ocean_post_title_background_color":"","ocean_post_title_background":0,"ocean_post_title_bg_image_position":"","ocean_post_title_bg_image_attachment":"","ocean_post_title_bg_image_repeat":"","ocean_post_title_bg_image_size":"","ocean_post_title_height":0,"ocean_post_title_bg_overlay":0.5,"ocean_post_title_bg_overlay_color":"","ocean_disable_breadcrumbs":"default","ocean_breadcrumbs_color":"","ocean_breadcrumbs_separator_color":"","ocean_breadcrumbs_links_color":"","ocean_breadcrumbs_links_hover_color":"","ocean_display_footer_widgets":"default","ocean_display_footer_bottom":"default","ocean_custom_footer_template":"0","footnotes":""},"class_list":["post-7626","page","type-page","status-publish","hentry","entry"],"_links":{"self":[{"href":"https:\/\/freistadt.scout.at\/index.php\/wp-json\/wp\/v2\/pages\/7626"}],"collection":[{"href":"https:\/\/freistadt.scout.at\/index.php\/wp-json\/wp\/v2\/pages"}],"about":[{"href":"https:\/\/freistadt.scout.at\/index.php\/wp-json\/wp\/v2\/types\/page"}],"author":[{"embeddable":true,"href":"https:\/\/freistadt.scout.at\/index.php\/wp-json\/wp\/v2\/users\/1"}],"replies":[{"embeddable":true,"href":"https:\/\/freistadt.scout.at\/index.php\/wp-json\/wp\/v2\/comments?post=7626"}],"version-history":[{"count":10,"href":"https:\/\/freistadt.scout.at\/index.php\/wp-json\/wp\/v2\/pages\/7626\/revisions"}],"predecessor-version":[{"id":8021,"href":"https:\/\/freistadt.scout.at\/index.php\/wp-json\/wp\/v2\/pages\/7626\/revisions\/8021"}],"wp:attachment":[{"href":"https:\/\/freistadt.scout.at\/index.php\/wp-json\/wp\/v2\/media?parent=7626"}],"curies":[{"name":"wp","href":"https:\/\/api.w.org\/{rel}","templated":true}]}}