{"id":20,"date":"2013-11-12T13:32:36","date_gmt":"2013-11-12T11:32:36","guid":{"rendered":"http:\/\/freistadt.scout.at\/?page_id=20"},"modified":"2025-10-22T08:18:11","modified_gmt":"2025-10-22T06:18:11","slug":"gruppengeschichte","status":"publish","type":"page","link":"https:\/\/freistadt.scout.at\/index.php\/alte-website\/pfadfinderwissen\/gruppengeschichte\/","title":{"rendered":"Gruppengeschichte"},"content":{"rendered":"<p style=\"text-align: justify;\"><a href=\"http:\/\/freistadt.scout.at\/wp-content\/uploads\/2013\/11\/wagner.jpg\"><img decoding=\"async\" class=\" wp-image-130 alignleft\" style=\"border: 0px none currentcolor; margin-right: 20px; margin-left: 0px;\" src=\"http:\/\/freistadt.scout.at\/wp-content\/uploads\/2013\/11\/wagner.jpg\" alt=\"wagner\" width=\"135\" height=\"174\" \/><\/a>Professor Josef Wagner gr\u00fcndete die Pfadfindergruppe Freistadt im Jahr 1923. Sp\u00e4ter wurde er von seinem Orden nach Graz berufen. Nach ihm f\u00fchrte Heinrich Macherhammer und sp\u00e4ter Pfarrer Maneschg die Gruppe weiter.<\/p>\n<p>Pfarrer Johann Maneschg stammt aus St.Virgil in S\u00fcdtirol und wurde in Brixen zum Priester geweiht. Als er nach Wien kam, wurde er dort von der Pfadfinderidee als Kurat begeistert.\u00a0<img decoding=\"async\" class=\"size-full wp-image-131 alignright\" style=\"border: 0px none currentcolor; margin-right: 20px; margin-left: 0px;\" src=\"http:\/\/freistadt.scout.at\/wp-content\/uploads\/2013\/11\/maneschg.jpg\" alt=\"maneschg\" width=\"135\" height=\"180\" \/><\/p>\n<p style=\"text-align: justify;\"><span style=\"text-align: justify;\">Sp\u00e4ter wurde er Feldmeister und war mit seiner Gruppe am Jamboree bei G\u00f6d\u00f6le in Ungarn dabei. 1938 wurde er in Steyr wegen seiner T\u00e4tigkeit als Pfadfinderf\u00fchrer von der Gestapo verhaftet. 1947 kam er nach Ober\u00f6sterreich und wurde im Herbst 1947 Kooperator in Freistadt.<\/span><\/p>\n<p style=\"text-align: justify;\">Schon im Februar 1948 versammelte er einige Buben um sich und begeisterte sie durch Spiel und Bewerb f\u00fcr die Pfadfinderidee. Die Gruppe wurde rasch gr\u00f6\u00dfer und schon zu Ostern 1948 konnte die erste Gruppenwanderung mit 2 Patrullen gestartet werden.<\/p>\n<p style=\"text-align: justify;\">Am 28.10.1948 konnten die ersten 12 Jugendpfadfinder ihr Versprechen ablegen. Damals stand der Gruppe kein eigenes Heim zur Verf\u00fcgung, und so musste der Heimabendbetrieb drei Jahre lang im Wohn- und Schlafzimmer von Pfarrer Maneschg abgehalten werden. Er wusste seine Pfadfinder immer mit neuen Ideen und Spielen zu begeistern, sodass sein Zimmer tags\u00fcber immer von Buben besetzt war. Sogar Krippen wurden in seinem Zimmer gebastelt. Aus dieser Zeit stammt auch die Krippe der Stadtpfarrkirche Freistadt. Die Gruppe Freistadt nahm unter seiner Leitung noch am Landeslager 1950 Nu\u00dfensee und am Jamboree 1951 in Bad Ischl teil.<\/p>\n<p style=\"text-align: justify;\">Er konnte seine Buben von der Pfadfinderidee so begeistern, dass sein Werk, als er 1951 Schneegatterer Pfarrer wurde, unter schwierigen Bedingungen fortgef\u00fchrt wurde. Pfarrer Maneschg hielt von dort noch guten Kontakt zu seiner Gruppe und so mancher ehemaliger Pfadfinder besuchte ihn an seinem neuen Wirkungskreis. Sp\u00e4ter holten sich noch einige F\u00fchrer bei ihm Rat, sodass sein Geist in der Gruppe weiterlebte.<\/p>\n<p style=\"text-align: justify;\">Nachdem Pfarre Maneschg Freistadt verlassen musste, stellte sich Professor Wagner den Pfadfindern wieder zu Verf\u00fcgung. Von dieser Zeit an, bis zu seinem Tod, blieb Professor Wagner der gute Geist der Gruppe Freistadt. Die Heimabende wurden zu dieser Zeit in den Klassenzimmern des Marianum abgehalten.<\/p>\n<p style=\"text-align: justify;\">Er \u00fcbernahm die Funktion des Gruppenfeldmeisters und unterst\u00fctzte die jungen F\u00fchrer, wie er nur konnte. Unter seiner Leitung hielt die Gruppe 1952 in Schlierbach ein Sommerlager ab. Unter seiner Obmannschaft erhielt die Pfadfindergruppe Freistadt ihre eigenen Heime im Pfarrhof. Er war der Motor, der immer und \u00fcberall Material und Hilfe f\u00fcr den Heimbau zu organisieren wusste. Durch seinen unerm\u00fcdlichen Geist besitzt die Pfadfindergruppe Freistadt ihre sch\u00f6nen Heime bis heute.<\/p>\n<h2 style=\"text-align: justify;\"><span style=\"color: #117bb8;\">ZEITLEISTE<img fetchpriority=\"high\" decoding=\"async\" class=\"size-medium wp-image-6716 alignright\" src=\"http:\/\/freistadt.scout.at\/wp-content\/uploads\/2014\/04\/halstuch_k-300x233.jpg\" alt=\"halstuch_k\" width=\"300\" height=\"233\" srcset=\"https:\/\/freistadt.scout.at\/wp-content\/uploads\/2014\/04\/halstuch_k-300x233.jpg 300w, https:\/\/freistadt.scout.at\/wp-content\/uploads\/2014\/04\/halstuch_k.jpg 901w\" sizes=\"(max-width: 300px) 100vw, 300px\" \/><\/span><\/h2>\n<p style=\"text-align: justify;\">1923 Gr\u00fcndung der Pfadfindergruppe Freistadt<\/p>\n<p style=\"text-align: justify;\">1929 Heinrich Macherhammer \u00fcbernimmt die Gruppenleitung<\/p>\n<p style=\"text-align: justify;\">1938 Aufl\u00f6sung der Pfadfinderbewegung<\/p>\n<p style=\"text-align: justify;\">1948 Wiedergr\u00fcndung der Pfadfindergruppe Freistadt<\/p>\n<p style=\"text-align: justify;\">1951 Josef Wagner \u00fcbernimmt die Gruppenleitung<\/p>\n<p style=\"text-align: justify;\">1952 Einzug in das Pfadfinderheim im Pfarrhof<\/p>\n<p style=\"text-align: justify;\">1958 Wir feiern 35 Jahre Pfadfindergruppe Freistadt<\/p>\n<p style=\"text-align: justify;\">1966 Das 1. Schaulager im Stadtgraben<\/p>\n<p style=\"text-align: justify;\">1976 erscheint die erste Ausgabe der Gruppenzeitung <a href=\"http:\/\/freistadt.scout.at\/index.php\/medien\/unter-einem-hut\/\">Unter einem Hut<\/a><\/p>\n<p style=\"text-align: justify;\">1979 Beginn der Pfadfinderarbeit mit M\u00e4dchen<\/p>\n<p style=\"text-align: justify;\">1980 Das 2. Schaulager im Stadtgraben<\/p>\n<p style=\"text-align: justify;\">1982 Gr\u00fcndung der des Altpfadfinderclubs (Wilde Gilde)<\/p>\n<p style=\"text-align: justify;\">1983 Wir feiern 60 Jahre Pfadfindergruppe Freistadt<\/p>\n<p style=\"text-align: justify;\">1986 Gr\u00fcndung der\u00a0<a href=\"http:\/\/freistadt.scout.at\/index.php\/gilde\/\">Pfadfindergilde<\/a>\u00a0Freistadt<\/p>\n<p>1989 Erstes mal beim Weinberger Schlossadvent<\/p>\n<p style=\"text-align: justify;\">1990\/1991 Bau des\u00a0<a href=\"http:\/\/freistadt.scout.at\/index.php\/heim-haus\/\">Josef Blaschko Haus<\/a><\/p>\n<p style=\"text-align: justify;\">1991 Gildentage in Freistadt<\/p>\n<p style=\"text-align: justify;\">1991 Das\u00a03. Schaulager<\/p>\n<p style=\"text-align: justify;\">1996 Das 1. Kasperltheater der CaEx<\/p>\n<p style=\"text-align: justify;\">1998 Wir feiern 75 Jahre Pfadfindergruppe Freistadt, 4. Schaulager<\/p>\n<p style=\"text-align: justify;\">1998 Die Pfadfindergruppe Freistadt geht online<\/p>\n<p style=\"text-align: justify;\">2003 Wir feiern 80 Jahre Pfadfindergruppe, 11.-12. Oktober 80 Jahre (Schaulager, Fest, Gottesdienst, Fr\u00fchschoppen)<\/p>\n<p style=\"text-align: justify;\">2004 Erstes Segel-Sommerlager der CaEx und RaRo<\/p>\n<p style=\"text-align: justify;\">2005 Erster Pfadfinderball im Salzhof Freistadt<\/p>\n<p>2005 Gruppenlager Ulrichsberg (WiW\u00f6, GuSp, CaEx)<\/p>\n<p>2008 neue Website<\/p>\n<p style=\"text-align: justify;\">2009 umWELTdenker &#8211; &#8222;Stoffsackerl vs. Plastiksackerl&#8220;<\/p>\n<p style=\"text-align: justify;\">2010 umWELTdenker &#8211; &#8222;Ein gefundenes Fressen, Schluss mit der Lebensmittelverschwendung&#8220;<\/p>\n<p style=\"text-align: justify;\">2010 Regionalspiel &amp; Regionalabenteuer in Freistadt\/Thurytal &#8222;Steinbei\u00dfer&#8220;<\/p>\n<p style=\"text-align: justify;\">2011 umWELTdenker &#8211; &#8222;GArtenvielfalt&#8220;<\/p>\n<p>2012 Erstes Winterlager der Gilde in Bad Hofgastein<\/p>\n<p style=\"text-align: justify;\">2012 Gruppensommerlager &#8211; WiW\u00f6 bis CaEx &#8222;Umi g&#8217;schaut&#8220; Ulrichsberg<\/p>\n<p>2013 Erste Teilnahme am Mobilit\u00e4tstag am Hauptplatz Freistadt<\/p>\n<p style=\"text-align: justify;\">2013 Wir feiern 90 Jahre Pfadfindergruppe Freistadt , Wir feiern 90 Jahre Pfadfindergruppe Freistadt (Ende Mai mit Pfadi-Modeschau, Messe und Fr\u00fchschoppen, 6.-7. September mit Vergn\u00fcgungspark &#8222;Karussell&#8220;<\/p>\n<p style=\"text-align: justify;\">2013 Gildentag in Freistadt<\/p>\n<p style=\"text-align: justify;\">2013 umWELTdenker &#8211; &#8222;ScoutoMobil &#8211; die bessere Idee von A nach B&#8220;<\/p>\n<p style=\"text-align: justify;\">2014 umWELTdenker &#8211; Stoffwechsel -\u201ezaum\u2018gnad \u2013 zua\u2018gnad \u2013 zaum\u2018ghoifn\u201c<\/p>\n<p>2014 Neue Website mit der HAK Freistadt (WordPress)<\/p>\n<p>2015 umWELTdenker \u00a0&#8211; unPLUG! &#8211; wir liefern ENERGIE<\/p>\n<p>2016 Regionalspiel &amp; Regionalabenteuer in Freistadt &#8222;F\u00e4hnlein Fieselschweif&#8220;<\/p>\n<p>2016 Gr\u00fcndung Gruppenjugendrat<\/p>\n<p>2016 Erstes Treffen der Windel Scouts<\/p>\n<p>2016 Gruppensommerlager &#8211; WiW\u00f6 bis RaRo &#8222;Veni-Vidi-Pfadi&#8220; in V\u00f6cklamarkt<\/p>\n<p>2016 Gr\u00fcndung Gruppenjugendrat (Birgit W\u00f6gerer)<\/p>\n<p>2018 Erstes Bewegungsfest<\/p>\n<p>2018 Erscheint das L\u00fcrix Liederbuch der Pfadfindergruppe Freistadt<\/p>\n<p>2019 Erster Pfadi Skitag am Skilift Freistadt<\/p>\n<p>2022 Gruppensommerlager &#8211; WiW\u00f6 bis RaRo &#8222;Balu und seine Crew &#8220; im Yspertal<\/p>\n<p>2023 100 Jahre Pfadfindergruppe Freistadt (Sonderausstellung, Festwochenende, Sautrogregatta)<\/p>\n<p>2024 Baum-Pflanz Aktion am Georgstag wurden 3 Jubil\u00e4umslinden entlang des Kreuzweg nach St. Peter gepflanzt.<\/p>\n\n\n<p>2026 Gruppensommerlager &#8211; WiW\u00f6 bis RaRo Wallsee-Sindlburg<\/p>\n","protected":false},"excerpt":{"rendered":"<p>Professor Josef Wagner gr\u00fcndete die Pfadfindergruppe Freistadt im Jahr 1923. Sp\u00e4ter wurde er von seinem Orden nach Graz berufen. Nach ihm f\u00fchrte Heinrich Macherhammer und sp\u00e4ter Pfarrer Maneschg die Gruppe weiter. Pfarrer Johann Maneschg stammt aus St.Virgil in S\u00fcdtirol und wurde in Brixen zum Priester geweiht. Als er nach Wien kam, wurde er dort von [&hellip;]<\/p>\n","protected":false},"author":1,"featured_media":0,"parent":17,"menu_order":1,"comment_status":"open","ping_status":"closed","template":"","meta":{"ocean_post_layout":"","ocean_both_sidebars_style":"","ocean_both_sidebars_content_width":0,"ocean_both_sidebars_sidebars_width":0,"ocean_sidebar":"0","ocean_second_sidebar":"0","ocean_disable_margins":"enable","ocean_add_body_class":"","ocean_shortcode_before_top_bar":"","ocean_shortcode_after_top_bar":"","ocean_shortcode_before_header":"","ocean_shortcode_after_header":"","ocean_has_shortcode":"","ocean_shortcode_after_title":"","ocean_shortcode_before_footer_widgets":"","ocean_shortcode_after_footer_widgets":"","ocean_shortcode_before_footer_bottom":"","ocean_shortcode_after_footer_bottom":"","ocean_display_top_bar":"default","ocean_display_header":"default","ocean_header_style":"","ocean_center_header_left_menu":"0","ocean_custom_header_template":"0","ocean_custom_logo":0,"ocean_custom_retina_logo":0,"ocean_custom_logo_max_width":0,"ocean_custom_logo_tablet_max_width":0,"ocean_custom_logo_mobile_max_width":0,"ocean_custom_logo_max_height":0,"ocean_custom_logo_tablet_max_height":0,"ocean_custom_logo_mobile_max_height":0,"ocean_header_custom_menu":"0","ocean_menu_typo_font_family":"0","ocean_menu_typo_font_subset":"","ocean_menu_typo_font_size":0,"ocean_menu_typo_font_size_tablet":0,"ocean_menu_typo_font_size_mobile":0,"ocean_menu_typo_font_size_unit":"px","ocean_menu_typo_font_weight":"","ocean_menu_typo_font_weight_tablet":"","ocean_menu_typo_font_weight_mobile":"","ocean_menu_typo_transform":"","ocean_menu_typo_transform_tablet":"","ocean_menu_typo_transform_mobile":"","ocean_menu_typo_line_height":0,"ocean_menu_typo_line_height_tablet":0,"ocean_menu_typo_line_height_mobile":0,"ocean_menu_typo_line_height_unit":"","ocean_menu_typo_spacing":0,"ocean_menu_typo_spacing_tablet":0,"ocean_menu_typo_spacing_mobile":0,"ocean_menu_typo_spacing_unit":"","ocean_menu_link_color":"","ocean_menu_link_color_hover":"","ocean_menu_link_color_active":"","ocean_menu_link_background":"","ocean_menu_link_hover_background":"","ocean_menu_link_active_background":"","ocean_menu_social_links_bg":"","ocean_menu_social_hover_links_bg":"","ocean_menu_social_links_color":"","ocean_menu_social_hover_links_color":"","ocean_disable_title":"default","ocean_disable_heading":"default","ocean_post_title":"","ocean_post_subheading":"","ocean_post_title_style":"","ocean_post_title_background_color":"","ocean_post_title_background":0,"ocean_post_title_bg_image_position":"","ocean_post_title_bg_image_attachment":"","ocean_post_title_bg_image_repeat":"","ocean_post_title_bg_image_size":"","ocean_post_title_height":0,"ocean_post_title_bg_overlay":0.5,"ocean_post_title_bg_overlay_color":"","ocean_disable_breadcrumbs":"default","ocean_breadcrumbs_color":"","ocean_breadcrumbs_separator_color":"","ocean_breadcrumbs_links_color":"","ocean_breadcrumbs_links_hover_color":"","ocean_display_footer_widgets":"default","ocean_display_footer_bottom":"default","ocean_custom_footer_template":"0","footnotes":""},"class_list":["post-20","page","type-page","status-publish","hentry","entry"],"_links":{"self":[{"href":"https:\/\/freistadt.scout.at\/index.php\/wp-json\/wp\/v2\/pages\/20"}],"collection":[{"href":"https:\/\/freistadt.scout.at\/index.php\/wp-json\/wp\/v2\/pages"}],"about":[{"href":"https:\/\/freistadt.scout.at\/index.php\/wp-json\/wp\/v2\/types\/page"}],"author":[{"embeddable":true,"href":"https:\/\/freistadt.scout.at\/index.php\/wp-json\/wp\/v2\/users\/1"}],"replies":[{"embeddable":true,"href":"https:\/\/freistadt.scout.at\/index.php\/wp-json\/wp\/v2\/comments?post=20"}],"version-history":[{"count":20,"href":"https:\/\/freistadt.scout.at\/index.php\/wp-json\/wp\/v2\/pages\/20\/revisions"}],"predecessor-version":[{"id":8250,"href":"https:\/\/freistadt.scout.at\/index.php\/wp-json\/wp\/v2\/pages\/20\/revisions\/8250"}],"up":[{"embeddable":true,"href":"https:\/\/freistadt.scout.at\/index.php\/wp-json\/wp\/v2\/pages\/17"}],"wp:attachment":[{"href":"https:\/\/freistadt.scout.at\/index.php\/wp-json\/wp\/v2\/media?parent=20"}],"curies":[{"name":"wp","href":"https:\/\/api.w.org\/{rel}","templated":true}]}}